{"id":10154,"date":"2025-08-06T08:57:46","date_gmt":"2025-08-06T08:57:46","guid":{"rendered":"https:\/\/cla.unipd.it\/en\/?page_id=10154"},"modified":"2025-10-15T13:02:37","modified_gmt":"2025-10-15T13:02:37","slug":"associations","status":"publish","type":"page","link":"https:\/\/cla.unipd.it\/en\/about-us\/associations\/","title":{"rendered":"Associations"},"content":{"rendered":"\n<p><a href=\"https:\/\/cla.unipd.it\/centro\/affiliazioni\/\">Versione in italiano<\/a><\/p>\n\n\n\n<p>The University Language Centre is an active member of national and international associations involved in the teaching of foreign languages.&nbsp;<\/p>\n\n\n\n<div class=\"wp-block-media-text is-stacked-on-mobile is-vertically-aligned-center\" style=\"grid-template-columns:16% auto\"><figure class=\"wp-block-media-text__media\"><img loading=\"lazy\" decoding=\"async\" width=\"150\" height=\"110\" src=\"https:\/\/cla.unipd.it\/en\/wp-content\/uploads\/2014\/12\/logo_aiclu_2.jpg\" alt=\"AICLU\" class=\"wp-image-1353 size-full\"\/><\/figure><div class=\"wp-block-media-text__content\">\n<p><a href=\"http:\/\/www.aiclu.org\" target=\"_blank\" rel=\"noreferrer noopener\"><strong>AICLU \u2013 Associazione Italiana dei Centri Linguistici Universitari<\/strong><\/a><\/p>\n\n\n\n<p>AICLU (the Italian Association of University Language Centres) was founded in Bologna in 1997&nbsp;with the aim of bringing together the language centres of Italian universities.&nbsp;<\/p>\n<\/div><\/div>\n\n\n\n<div class=\"wp-block-media-text is-stacked-on-mobile\" style=\"grid-template-columns:16% auto\"><figure class=\"wp-block-media-text__media\"><img loading=\"lazy\" decoding=\"async\" width=\"300\" height=\"144\" src=\"https:\/\/cla.unipd.it\/en\/wp-content\/uploads\/2025\/08\/AITLA-300x144-1.webp\" alt=\"\" class=\"wp-image-10156 size-full\"\/><\/figure><div class=\"wp-block-media-text__content\">\n<p><a href=\"http:\/\/www.aitla.it\/\" target=\"_blank\" rel=\"noreferrer noopener\"><strong>AItLA \u2013 Associazione Italiana di Linguistica Applicata<\/strong><\/a><\/p>\n\n\n\n<p>Founded in Bologna in 1999, it was created with the aim of promoting and encouraging the spread of applied linguistics in Italy.<\/p>\n<\/div><\/div>\n\n\n\n<div class=\"wp-block-media-text is-stacked-on-mobile\" style=\"grid-template-columns:16% auto\"><figure class=\"wp-block-media-text__media\"><img loading=\"lazy\" decoding=\"async\" width=\"1024\" height=\"439\" src=\"https:\/\/cla.unipd.it\/en\/wp-content\/uploads\/2025\/10\/Associate-Member-logo-2025-1024x439.webp\" alt=\"\" class=\"wp-image-10890 size-full\" srcset=\"https:\/\/cla.unipd.it\/en\/wp-content\/uploads\/2025\/10\/Associate-Member-logo-2025-1024x439.webp 1024w, https:\/\/cla.unipd.it\/en\/wp-content\/uploads\/2025\/10\/Associate-Member-logo-2025-300x128.webp 300w, https:\/\/cla.unipd.it\/en\/wp-content\/uploads\/2025\/10\/Associate-Member-logo-2025-768x329.webp 768w, https:\/\/cla.unipd.it\/en\/wp-content\/uploads\/2025\/10\/Associate-Member-logo-2025.webp 1046w\" sizes=\"auto, (max-width: 1024px) 100vw, 1024px\" \/><\/figure><div class=\"wp-block-media-text__content\">\n<p><strong><a href=\"https:\/\/www.alte.org\/\">ALTE &#8211; Association of Language Testers in Europe<\/a><\/strong><\/p>\n\n\n\n<p>Founded in 1989 by the University of Cambridge and the University of Salamanca, ALTE is the association of language test providers who work together to promote the fair and accurate assessment of linguistic ability across Europe and beyond.\u00a0<\/p>\n<\/div><\/div>\n\n\n\n<div class=\"wp-block-media-text is-stacked-on-mobile\" style=\"grid-template-columns:16% auto\"><figure class=\"wp-block-media-text__media\"><img loading=\"lazy\" decoding=\"async\" width=\"130\" height=\"165\" src=\"https:\/\/cla.unipd.it\/en\/wp-content\/uploads\/2024\/08\/logo-ass-cel150x150.jpg\" alt=\"\" class=\"wp-image-8737 size-full\"\/><\/figure><div class=\"wp-block-media-text__content\">\n<p><a href=\"http:\/\/www.celelc.org\" target=\"_blank\" rel=\"noreferrer noopener\"><strong>Conseil Europ\u00e9en pour les Langues\/European Language Council<\/strong><\/a><\/p>\n\n\n\n<p>Founded in 1997, the European Language Council is a permanent and independent association, whose main objective is the quantitative and qualitative improvement of knowledge of the languages \u200b\u200band cultures of the European Union and beyond.<\/p>\n<\/div><\/div>\n\n\n\n<div class=\"wp-block-media-text is-stacked-on-mobile\" style=\"grid-template-columns:17% auto\"><figure class=\"wp-block-media-text__media\"><img loading=\"lazy\" decoding=\"async\" width=\"150\" height=\"150\" src=\"https:\/\/cla.unipd.it\/en\/wp-content\/uploads\/2015\/06\/cercles_logo.jpg\" alt=\"cercles_logo\" class=\"wp-image-2139 size-full\" srcset=\"https:\/\/cla.unipd.it\/en\/wp-content\/uploads\/2015\/06\/cercles_logo.jpg 150w, https:\/\/cla.unipd.it\/en\/wp-content\/uploads\/2015\/06\/cercles_logo-250x250.jpg 250w, https:\/\/cla.unipd.it\/en\/wp-content\/uploads\/2015\/06\/cercles_logo-45x45.jpg 45w\" sizes=\"auto, (max-width: 150px) 100vw, 150px\" \/><\/figure><div class=\"wp-block-media-text__content\">\n<p><a href=\"http:\/\/www.cercles.org\/\" target=\"_blank\" rel=\"noreferrer noopener\"><strong>CercleS- Conf\u00e9d\u00e9ration Europ\u00e9enne des Centres de Langues de l\u2019Einseignement Sup\u00e9rieur<\/strong><\/a><\/p>\n\n\n\n<p>Founded in Strasbourg in 1991, CercleS is a confederation of independent associations from 22 European states that brings together approximately 290 language centres, departments, institutes, faculties or university-level schools of higher education dealing with language learning.<\/p>\n<\/div><\/div>\n\n\n\n<div class=\"wp-block-media-text is-stacked-on-mobile\" style=\"grid-template-columns:17% auto\"><figure class=\"wp-block-media-text__media\"><img loading=\"lazy\" decoding=\"async\" width=\"150\" height=\"150\" src=\"https:\/\/cla.unipd.it\/en\/wp-content\/uploads\/2024\/08\/iclhe-logo-150x150.png\" alt=\"\" class=\"wp-image-8735 size-full\" srcset=\"https:\/\/cla.unipd.it\/en\/wp-content\/uploads\/2024\/08\/iclhe-logo-150x150.png 150w, https:\/\/cla.unipd.it\/en\/wp-content\/uploads\/2024\/08\/iclhe-logo-150x150-250x250.png 250w, https:\/\/cla.unipd.it\/en\/wp-content\/uploads\/2024\/08\/iclhe-logo-150x150-45x45.png 45w\" sizes=\"auto, (max-width: 150px) 100vw, 150px\" \/><\/figure><div class=\"wp-block-media-text__content\">\n<p><a href=\"https:\/\/iclhe.org\/\" target=\"_blank\" rel=\"noreferrer noopener\"><strong>Integrating Content &amp; Language in Higher Education<\/strong><\/a><\/p>\n\n\n\n<p>ICLHE is the association for expertise, networks and resources for content and language integration in higher education.<\/p>\n<\/div><\/div>\n","protected":false},"excerpt":{"rendered":"<p>Versione in italiano The University Language Centre is an active member of national and international associations involved in the teaching of foreign languages.&nbsp; AICLU \u2013 Associazione Italiana dei Centri Linguistici Universitari AICLU (the Italian Association of University Language Centres) was founded in Bologna in 1997&nbsp;with the aim of bringing together the language centres of Italian [&hellip;]<\/p>\n","protected":false},"author":66,"featured_media":0,"parent":2,"menu_order":0,"comment_status":"closed","ping_status":"closed","template":"","meta":{"_links_to":"","_links_to_type":0,"footnotes":""},"class_list":["post-10154","page","type-page","status-publish","hentry"],"_links":{"self":[{"href":"https:\/\/cla.unipd.it\/en\/wp-json\/wp\/v2\/pages\/10154","targetHints":{"allow":["GET"]}}],"collection":[{"href":"https:\/\/cla.unipd.it\/en\/wp-json\/wp\/v2\/pages"}],"about":[{"href":"https:\/\/cla.unipd.it\/en\/wp-json\/wp\/v2\/types\/page"}],"author":[{"embeddable":true,"href":"https:\/\/cla.unipd.it\/en\/wp-json\/wp\/v2\/users\/66"}],"replies":[{"embeddable":true,"href":"https:\/\/cla.unipd.it\/en\/wp-json\/wp\/v2\/comments?post=10154"}],"version-history":[{"count":7,"href":"https:\/\/cla.unipd.it\/en\/wp-json\/wp\/v2\/pages\/10154\/revisions"}],"predecessor-version":[{"id":10892,"href":"https:\/\/cla.unipd.it\/en\/wp-json\/wp\/v2\/pages\/10154\/revisions\/10892"}],"up":[{"embeddable":true,"href":"https:\/\/cla.unipd.it\/en\/wp-json\/wp\/v2\/pages\/2"}],"wp:attachment":[{"href":"https:\/\/cla.unipd.it\/en\/wp-json\/wp\/v2\/media?parent=10154"}],"curies":[{"name":"wp","href":"https:\/\/api.w.org\/{rel}","templated":true}]}}