{"id":1638,"date":"2015-05-25T12:18:06","date_gmt":"2015-05-25T12:18:06","guid":{"rendered":"http:\/\/localhost:9080\/en\/?page_id=1638"},"modified":"2016-06-24T14:15:00","modified_gmt":"2016-06-24T14:15:00","slug":"services","status":"publish","type":"page","link":"https:\/\/cla.unipd.it\/en\/services\/","title":{"rendered":"Services"},"content":{"rendered":"<h3>Prestito interbibliotecario (ILL)<\/h3>\n<p>La Mediateca aderisce al servizio di prestito interbibliotecario.<\/p>\n<p>La richiesta di prestito interbibliotecario, da parte degli utenti dell&#8217;Universit\u00e0 di Padova, pu\u00f2 ora essere effettuata anche online.<\/p>\n<p>Per maggiori informazioni su regolamento, contatti, costi e modalit\u00e0 di erogazione del servizio,\u00a0consultare il seguente <a href=\"http:\/\/bibliotecadigitale.cab.unipd.it\/collezioni_navigazione\/cosa-cerchi\/prestito-interbibliotecario\" target=\"_blank\">link<\/a>.<\/p>\n<h3>Document delivery (DD)<\/h3>\n<p>Il servizio di Document delivery \u00e8 in fase di definizione e ogni richiesta sar\u00e0 vagliata in base alla consistenza del materiale richiesto.<\/p>\n<p>Per maggiori informazioni e domande sul servizio di Document Delivery contatta la Mediateca usando il modulo <a title=\"Info Mediateca\" href=\"http:\/\/localhost:9080\/en\/?page_id=293\">contatti<\/a>.<\/p>\n","protected":false},"excerpt":{"rendered":"<p>Prestito interbibliotecario (ILL) La Mediateca aderisce al servizio di prestito interbibliotecario. La richiesta di prestito interbibliotecario, da parte degli utenti dell&#8217;Universit\u00e0 di Padova, pu\u00f2 ora essere effettuata anche online. Per maggiori informazioni su regolamento, contatti, costi e modalit\u00e0 di erogazione del servizio,\u00a0consultare il seguente link. Document delivery (DD) Il servizio di Document delivery \u00e8 in [&hellip;]<\/p>\n","protected":false},"author":60,"featured_media":0,"parent":0,"menu_order":0,"comment_status":"closed","ping_status":"open","template":"","meta":{"_links_to":"","_links_to_type":0,"footnotes":""},"class_list":["post-1638","page","type-page","status-publish","hentry"],"_links":{"self":[{"href":"https:\/\/cla.unipd.it\/en\/wp-json\/wp\/v2\/pages\/1638","targetHints":{"allow":["GET"]}}],"collection":[{"href":"https:\/\/cla.unipd.it\/en\/wp-json\/wp\/v2\/pages"}],"about":[{"href":"https:\/\/cla.unipd.it\/en\/wp-json\/wp\/v2\/types\/page"}],"author":[{"embeddable":true,"href":"https:\/\/cla.unipd.it\/en\/wp-json\/wp\/v2\/users\/60"}],"replies":[{"embeddable":true,"href":"https:\/\/cla.unipd.it\/en\/wp-json\/wp\/v2\/comments?post=1638"}],"version-history":[{"count":6,"href":"https:\/\/cla.unipd.it\/en\/wp-json\/wp\/v2\/pages\/1638\/revisions"}],"predecessor-version":[{"id":2868,"href":"https:\/\/cla.unipd.it\/en\/wp-json\/wp\/v2\/pages\/1638\/revisions\/2868"}],"wp:attachment":[{"href":"https:\/\/cla.unipd.it\/en\/wp-json\/wp\/v2\/media?parent=1638"}],"curies":[{"name":"wp","href":"https:\/\/api.w.org\/{rel}","templated":true}]}}