{"id":231,"date":"2015-02-11T09:47:56","date_gmt":"2015-02-11T09:47:56","guid":{"rendered":"http:\/\/localhost:9080\/en\/?page_id=231"},"modified":"2016-06-21T08:17:32","modified_gmt":"2016-06-21T08:17:32","slug":"annuali-convenzionati","status":"publish","type":"page","link":"https:\/\/cla.unipd.it\/en\/language-courses\/annuali-convenzionati\/","title":{"rendered":"Spanish &#038; German for Language Students"},"content":{"rendered":"<p>Il CLA organizza <strong>corsi annuali<\/strong> di:<\/p>\n<ul>\n<li><strong>Spagnolo<\/strong>,\u00a0in accordo con i Corsi di Laurea in Lingue Letterature e Culture Moderne (LCM) e Mediazione Linguistica e Culturale (MZL), ed alcuni corsi di laurea ad esaurimento del vecchio ordinamento\u00a0 (SFP, SEE, SED, CSV, FOG)<\/li>\n<li><strong>Tedesco<\/strong>, in accordo con il Corso di Laurea in Lingue Letterature e Culture Moderne (LCM) e Mediazione Linguistica e Culturale (MZL).<\/li>\n<\/ul>\n<h3>CORSO ANNUALE DI SPAGNOLO<\/h3>\n<p><strong>A.A. 2015\/2016<\/strong><\/p>\n<p>\n                <p class=\"trigger \">\n                    <a href=\"#toggle_41858398069d7bcc0b6091\">Destinatari<\/a>\n                <\/p>\n                <div class=\"toggle_container\" style=\"display:none;\">\n                    <div class=\"block\">\n                        Il corso \u00e8 destinato <strong>esclusivamente<\/strong> agli studenti del 1\u00b0 anno dei Corsi di Studio in Lingue, Letterature e Culture Moderne (LCM) e Mediazione Linguistica e Culturale (MZL). Tale corso \u00e8 parte integrante del corso di <a href=\"http:\/\/didattica.unipd.it\/offerta\/2015\/SU\/LE0603\/2008\/000ZZ\/1102031\" target=\"_blank\">LINGUA E TRADUZIONE SPAGNOLA I e LINGUA SPAGNOLA I<\/a>\u00a0 tenuto dalla docente prof.ssa Arbulu.<\/p>\n<p>Possono frequentare tale corso anche gli studenti di <strong>SFP, SEE, SED, CSV, FOG<\/strong> (corsi di laurea ad esaurimento del vecchio ordinamento). Per informazioni pi\u00f9 specifiche consultate qui sotto l&#8217;elenco dei corsi convenzionati\n                    <\/div>\n                <\/div>\n            <div class=\"clear\"><\/div>\n                <p class=\"trigger \">\n                    <a href=\"#toggle_189963103269d7bcc0b60a6\">Corsi convenzionati<\/a>\n                <\/p>\n                <div class=\"toggle_container\" style=\"display:none;\">\n                    <div class=\"block\">\n                        Gli studenti dei seguenti Corsi di studio (corsi di laurea ad esaurimento del vecchio ordinamento):<\/p>\n<ul>\n<li>Scienze della Formazione Primaria (solo vecchio ordinamento quadriennale)<\/li>\n<li>Scienze dell&#8217;Educazione e della Formazione (solo per immatricolati fino al 2010-11)<\/li>\n<li>Scienze dell&#8217;Educazione (corso disattivato)<\/li>\n<li>Formatore nelle Organizzazioni (corso disattivato)<\/li>\n<li>Cooperazione allo Sviluppo (corso disattivato)<\/li>\n<\/ul>\n<p>possono frequentare il corso annuale di spagnolo insieme agli studenti di MZL\/LCM previa iscrizione online.\n                    <\/div>\n                <\/div>\n            <div class=\"clear\"><\/div>\n                <p class=\"trigger \">\n                    <a href=\"#toggle_79726787369d7bcc0b60bb\">Livelli<\/a>\n                <\/p>\n                <div class=\"toggle_container\" style=\"display:none;\">\n                    <div class=\"block\">\n                        Il corso \u00e8 suddiviso in TRE LIVELLI (principianti, livello A2 e livello A2+)<\/p>\n<p><strong>Livello A1 (principianti): <\/strong>Gli studenti principianti o che hanno studiato lo spagnolo per un periodo inferiore ai tre anni verranno inseriti in un corso annuale di livello base di 100 ore suddivise in questo modo:<\/p>\n<ul>\n<li>60 ore di aula tradizionale<\/li>\n<li>20 di conversazione,<\/li>\n<li>20 di autoapprendimento con attivit\u00e0 caricate in Moodle CLA.<\/li>\n<\/ul>\n<p><strong>Livello A2: <\/strong>gli studenti che hanno studiato lo spagnolo per un periodo di\u00a0tre anni alle scuole medie o superiori verranno inseriti in un corso annuale di livello A2 di 70 ore suddivise in questo modo:<\/p>\n<ul>\n<li>40 ore in aula tradizionale<\/li>\n<li>20 di conversazione<\/li>\n<li>10 di autoapprendimento con attivit\u00e0 caricate in Moodle CLA<\/li>\n<\/ul>\n<p><strong>Livello A2+: <\/strong>Gli studenti che hanno studiato lo spagnolo per un periodo di 5 o pi\u00f9 anni verranno inseriti in un corso annuale di livello A2+ di 50 ore suddivise in questo modo:<\/p>\n<ul>\n<li>30 ore di aula tradizionale<\/li>\n<li>10 ore di conversazione<\/li>\n<li>10 ore di autoapprendimento con attivit\u00e0 caricate in Moodle CLA<\/li>\n<\/ul>\n<p>\n                    <\/div>\n                <\/div>\n            <div class=\"clear\"><\/div>\n                <p class=\"trigger \">\n                    <a href=\"#toggle_24157035269d7bcc0b60c4\">Date e modalit\u00e0 di iscrizione<\/a>\n                <\/p>\n                <div class=\"toggle_container\" style=\"display:none;\">\n                    <div class=\"block\">\n                        Le iscrizioni sono aperte.\u00a0Gli studenti devono effettuare l&#8217;iscrizione online dichiarando il proprio livello di appartenenza. <a href=\"https:\/\/docs.google.com\/forms\/d\/1ECls-_REBZQRd_uYKFlbKDXmpi2q-SGpBKGrlO8EBmU\/viewform?usp=send_form\" target=\"_blank\">Form di iscrizione<\/a>. Le iscrizioni chiudono venerd\u00ec 2 ottobre alle ore 13:00. \n                    <\/div>\n                <\/div>\n            <div class=\"clear\"><\/div><span style=\"line-height: 1.5;\">\n                <p class=\"trigger \">\n                    <a href=\"#toggle_23905673269d7bcc0b60d9\">Classi e Orari 1\u00b0 semestre 2015\/16<\/a>\n                <\/p>\n                <div class=\"toggle_container\" style=\"display:none;\">\n                    <div class=\"block\">\n                        In via di definizione. Le classi con gli orari verranno pubblicate venerd\u00ec 2 ottobre dopo le ore 15:00 \n                    <\/div>\n                <\/div>\n            <div class=\"clear\"><\/div>\n                <p class=\"trigger \">\n                    <a href=\"#toggle_69581991369d7bcc0b60e0\">Test di profitto e risultati (SOLO per corsi convenzionati SFP, SEE, SED, CSV, FOG)<\/a>\n                <\/p>\n                <div class=\"toggle_container\" style=\"display:none;\">\n                    <div class=\"block\">\n                        Per questi corsi di laurea \u00e8 possibile inserire nel piano di studi un esame di lingua spagnola annuale. Tale esame viene somministrato al termine del corso annuale e in apposite sessioni e consiste in un test di profitto informatizzato di livello B1 composto da esercizi di grammatica, di ascolto e lettura. Tale test non va confuso con il TAL B1 per l&#8217;idoneit\u00e0 linguistica. L&#8217;esito del test viene poi trasmesso al Corso di Studio che provveder\u00e0 alla registrazione.<\/span><\/p>\n<p>Gli studenti interessati a svolgere il test dovranno invece inviare una mail al <a title=\"Info Test\" href=\"http:\/\/localhost:9080\/en\/?page_id=283\">servizio testing<\/a><b>.<\/b>\u00a0 Sulla base della disponibilit\u00e0 dei laboratori e del personale della struttura si comunicher\u00e0 agli interessati una data per il test. Per iscriversi al test \u00e8 <strong>obbligatorio<\/strong> indicare il propro indirizzo di posta elettronica istituzionale (&#8230;@studenti.unipd.it), pena la non iscrizione al test.<\/p>\n<div class=\"note download \"><div class=\"note-inner\">Risultati.pdf<\/div><\/div>\n<p>\n                    <\/div>\n                <\/div>\n            <div class=\"clear\"><\/div><\/p>\n<p>&nbsp;<\/p>\n<h3>CORSO ANNUALE DI TEDESCO<\/h3>\n<p><strong>A.A. 2015\/2016<br \/>\n<\/strong><\/p>\n<p>\n                <p class=\"trigger \">\n                    <a href=\"#toggle_161745851469d7bcc0b61ae\">Destinatari<\/a>\n                <\/p>\n                <div class=\"toggle_container\" style=\"display:none;\">\n                    <div class=\"block\">\n                        Il corso \u00e8 destinato agli studenti del 1\u00b0 anno dei Corsi di Studio in Lingue, Letterature e Culture Moderne (LCM) e Mediazione Linguistica e Culturale (MZL).<\/p>\n<p>Tale corso \u00e8 parte integrante del corso di LINGUA TEDESCA 1 (il link verr\u00e0 attivato prossimamente). \n                    <\/div>\n                <\/div>\n            <div class=\"clear\"><\/div>\n                <p class=\"trigger \">\n                    <a href=\"#toggle_117977491469d7bcc0b61b7\">Livelli<\/a>\n                <\/p>\n                <div class=\"toggle_container\" style=\"display:none;\">\n                    <div class=\"block\">\n                        Per permettere di suddividere gli studenti in gruppi omogeni sar\u00e0 necessario sostenere un <strong>test di piazzamento<\/strong> (con l&#8217;eccezione dei principianti assoluti).<\/p>\n<p><strong>Pricipianti:<\/strong> gli studenti principianti verranno inseriti in un corso annuale di livello base di 100 ore distribuite nei due semestri e suddivise come segue:<\/p>\n<ul>\n<li>60 ore in aula<\/li>\n<li>20 ore in laboratorio con l&#8217;insegnante (solo nel 2\u00b0 sem.)<\/li>\n<li>20 ore di auto-apprendimento<\/li>\n<\/ul>\n<p><strong>Intermedi e Progrediti:<\/strong> gli studenti che, sulla base del test di piazzamento, risulteranno essere di livello intermedio o progredito verranno inseriti in un corso annuale, sulla base del loro livello.\n                    <\/div>\n                <\/div>\n            <div class=\"clear\"><\/div>\n                <p class=\"trigger \">\n                    <a href=\"#toggle_14691474969d7bcc0b61e4\">Test di piazzamento<\/a>\n                <\/p>\n                <div class=\"toggle_container\" style=\"display:none;\">\n                    <div class=\"block\">\n                        Per suddividere gli studenti in gruppi omogenei \u00e8 necessario sostenere un test di piazzamento previa iscrizione online (i principianti assoluti non devono sostenere il test di piazzamento). La partecipazione al test comporta automaticamente l&#8217;iscrizione al corso in base ai livelli.<\/p>\n<p>Il <strong>test di piazzamento<\/strong> si terr\u00e0 <strong>gioved\u00ec\u00a01 ottobre 2015<\/strong> presso la nuova sede del CLA, in <strong>Via Venezia n. 16, laboratorio n. 23<\/strong> a partire dalle ore 12:00. \u00a0Per partecipare al test \u00e8 obbligatoria l&#8217;iscrizione online.<\/p>\n<p><a href=\"https:\/\/docs.google.com\/forms\/d\/1pj8R9ql5yI_IB5C69AUj-HbfqWqFuzm_sgEZ-2EYunA\/viewform?usp=send_form\" target=\"_blank\">Iscrizione al test di piazzamento<\/a>.\n                    <\/div>\n                <\/div>\n            <div class=\"clear\"><\/div>\n                <p class=\"trigger \">\n                    <a href=\"#toggle_73251119369d7bcc0b61ec\">Iscrizioni al corso<\/a>\n                <\/p>\n                <div class=\"toggle_container\" style=\"display:none;\">\n                    <div class=\"block\">\n                        I principianti assoluti possono gi\u00e0 ora iscriversi al corso ed attendere la pubblicazione delle classi con gli orari. Per partecipare al corso \u00e8 necessario aver effettuato <a href=\"https:\/\/docs.google.com\/forms\/d\/1yoGBcfX-3SH5rV0-lFEgk18Jhyn0gXhinGBvROjR5rs\/viewform?usp=send_form\" target=\"_blank\">l&#8217;iscrizione online<\/a>. \n                    <\/div>\n                <\/div>\n            <div class=\"clear\"><\/div>\n                <p class=\"trigger \">\n                    <a href=\"#toggle_108810255169d7bcc0b61f2\">Classi, orari e sedi del corso<\/a>\n                <\/p>\n                <div class=\"toggle_container\" style=\"display:none;\">\n                    <div class=\"block\">\n                         Le classi con gli orari saranno visualizzabili a partire dal 2 ottobre dopo le ore 13:00\n                    <\/div>\n                <\/div>\n            <div class=\"clear\"><\/div><\/p>\n","protected":false},"excerpt":{"rendered":"<p>Il CLA organizza corsi annuali di: Spagnolo,\u00a0in accordo con i Corsi di Laurea in Lingue Letterature e Culture Moderne (LCM) e Mediazione Linguistica e Culturale (MZL), ed alcuni corsi di laurea ad esaurimento del vecchio ordinamento\u00a0 (SFP, SEE, SED, CSV, FOG) Tedesco, in accordo con il Corso di Laurea in Lingue Letterature e Culture Moderne [&hellip;]<\/p>\n","protected":false},"author":60,"featured_media":0,"parent":67,"menu_order":0,"comment_status":"closed","ping_status":"open","template":"","meta":{"_links_to":"","_links_to_type":0,"footnotes":""},"class_list":["post-231","page","type-page","status-publish","hentry"],"_links":{"self":[{"href":"https:\/\/cla.unipd.it\/en\/wp-json\/wp\/v2\/pages\/231","targetHints":{"allow":["GET"]}}],"collection":[{"href":"https:\/\/cla.unipd.it\/en\/wp-json\/wp\/v2\/pages"}],"about":[{"href":"https:\/\/cla.unipd.it\/en\/wp-json\/wp\/v2\/types\/page"}],"author":[{"embeddable":true,"href":"https:\/\/cla.unipd.it\/en\/wp-json\/wp\/v2\/users\/60"}],"replies":[{"embeddable":true,"href":"https:\/\/cla.unipd.it\/en\/wp-json\/wp\/v2\/comments?post=231"}],"version-history":[{"count":31,"href":"https:\/\/cla.unipd.it\/en\/wp-json\/wp\/v2\/pages\/231\/revisions"}],"predecessor-version":[{"id":2839,"href":"https:\/\/cla.unipd.it\/en\/wp-json\/wp\/v2\/pages\/231\/revisions\/2839"}],"up":[{"embeddable":true,"href":"https:\/\/cla.unipd.it\/en\/wp-json\/wp\/v2\/pages\/67"}],"wp:attachment":[{"href":"https:\/\/cla.unipd.it\/en\/wp-json\/wp\/v2\/media?parent=231"}],"curies":[{"name":"wp","href":"https:\/\/api.w.org\/{rel}","templated":true}]}}